{"id":595,"date":"2025-01-13T21:21:39","date_gmt":"2025-01-13T20:21:39","guid":{"rendered":"https:\/\/harjulasgarage.se\/?post_type=product&#038;p=595"},"modified":"2025-01-13T21:21:39","modified_gmt":"2025-01-13T20:21:39","slug":"for-x-maestro-165w","status":"publish","type":"product","link":"https:\/\/harjulasgarage.se\/?product=for-x-maestro-165w","title":{"rendered":"FOR-X MAESTRO-165W"},"content":{"rendered":"<p>Kompakt H\u00f6gtalare \u2013 Kraft och Klarhet<\/p>\n<p>En m\u00e5ngsidig h\u00f6gtalare som kombinerar kompakt design med imponerande prestanda. Perfekt f\u00f6r b\u00e5de sm\u00e5 ljudsystem och kompletta installationer.<\/p>\n<p>Tekniska Specifikationer<\/p>\n<p>\u2022RMS Effekt: 60 W<\/p>\n<p>\u2022Max Effekt: 180 W<\/p>\n<p>\u2022K\u00e4nslighet: 88 dB<\/p>\n<p>\u2022Frekvensrespons: 65 Hz \u2013 9 kHz<\/p>\n<p>\u2022Impedans: 4 ohm<\/p>\n<p>Egenskaper<\/p>\n<p>\u2022Kraftfull och klar ljud\u00e5tergivning: Levererar balanserad ljudkvalitet \u00f6ver ett brett frekvensomf\u00e5ng.<\/p>\n<p>\u2022Effektivt ljud: H\u00f6g k\u00e4nslighet f\u00f6r starkt ljud \u00e4ven vid l\u00e4gre effekt.<\/p>\n<p>\u2022Flexibilitet: 4 ohms impedans f\u00f6r enkel integration med olika f\u00f6rst\u00e4rkare.<\/p>\n<p>En utm\u00e4rkt l\u00f6sning f\u00f6r alla ljudinstallationer som kr\u00e4ver h\u00f6g prestanda i ett kompakt paket!<\/p>\n","protected":false},"excerpt":{"rendered":"<p>S\u00e4ljs i par<\/p>\n","protected":false},"featured_media":596,"comment_status":"closed","ping_status":"closed","template":"","meta":{"site-sidebar-layout":"default","site-content-layout":"","ast-site-content-layout":"default","site-content-style":"default","site-sidebar-style":"default","ast-global-header-display":"","ast-banner-title-visibility":"","ast-main-header-display":"","ast-hfb-above-header-display":"","ast-hfb-below-header-display":"","ast-hfb-mobile-header-display":"","site-post-title":"","ast-breadcrumbs-content":"","ast-featured-img":"","footer-sml-layout":"","ast-disable-related-posts":"","theme-transparent-header-meta":"default","adv-header-id-meta":"","stick-header-meta":"","header-above-stick-meta":"","header-main-stick-meta":"","header-below-stick-meta":"","astra-migrate-meta-layouts":"set","ast-page-background-enabled":"default","ast-page-background-meta":{"desktop":{"background-color":"var(--ast-global-color-5)","background-image":"","background-repeat":"repeat","background-position":"center center","background-size":"auto","background-attachment":"scroll","background-type":"","background-media":"","overlay-type":"","overlay-color":"","overlay-opacity":"","overlay-gradient":""},"tablet":{"background-color":"","background-image":"","background-repeat":"repeat","background-position":"center center","background-size":"auto","background-attachment":"scroll","background-type":"","background-media":"","overlay-type":"","overlay-color":"","overlay-opacity":"","overlay-gradient":""},"mobile":{"background-color":"","background-image":"","background-repeat":"repeat","background-position":"center center","background-size":"auto","background-attachment":"scroll","background-type":"","background-media":"","overlay-type":"","overlay-color":"","overlay-opacity":"","overlay-gradient":""}},"ast-content-background-meta":{"desktop":{"background-color":"var(--ast-global-color-4)","background-image":"","background-repeat":"repeat","background-position":"center center","background-size":"auto","background-attachment":"scroll","background-type":"","background-media":"","overlay-type":"","overlay-color":"","overlay-opacity":"","overlay-gradient":""},"tablet":{"background-color":"var(--ast-global-color-4)","background-image":"","background-repeat":"repeat","background-position":"center center","background-size":"auto","background-attachment":"scroll","background-type":"","background-media":"","overlay-type":"","overlay-color":"","overlay-opacity":"","overlay-gradient":""},"mobile":{"background-color":"var(--ast-global-color-4)","background-image":"","background-repeat":"repeat","background-position":"center center","background-size":"auto","background-attachment":"scroll","background-type":"","background-media":"","overlay-type":"","overlay-color":"","overlay-opacity":"","overlay-gradient":""}}},"product_brand":[],"product_cat":[28],"product_tag":[],"class_list":{"0":"post-595","1":"product","2":"type-product","3":"status-publish","4":"has-post-thumbnail","6":"product_cat-6-5","7":"desktop-align-left","8":"tablet-align-left","9":"mobile-align-left","11":"first","12":"instock","13":"shipping-taxable","14":"purchasable","15":"product-type-simple"},"_links":{"self":[{"href":"https:\/\/harjulasgarage.se\/index.php?rest_route=\/wp\/v2\/product\/595","targetHints":{"allow":["GET"]}}],"collection":[{"href":"https:\/\/harjulasgarage.se\/index.php?rest_route=\/wp\/v2\/product"}],"about":[{"href":"https:\/\/harjulasgarage.se\/index.php?rest_route=\/wp\/v2\/types\/product"}],"replies":[{"embeddable":true,"href":"https:\/\/harjulasgarage.se\/index.php?rest_route=%2Fwp%2Fv2%2Fcomments&post=595"}],"wp:featuredmedia":[{"embeddable":true,"href":"https:\/\/harjulasgarage.se\/index.php?rest_route=\/wp\/v2\/media\/596"}],"wp:attachment":[{"href":"https:\/\/harjulasgarage.se\/index.php?rest_route=%2Fwp%2Fv2%2Fmedia&parent=595"}],"wp:term":[{"taxonomy":"product_brand","embeddable":true,"href":"https:\/\/harjulasgarage.se\/index.php?rest_route=%2Fwp%2Fv2%2Fproduct_brand&post=595"},{"taxonomy":"product_cat","embeddable":true,"href":"https:\/\/harjulasgarage.se\/index.php?rest_route=%2Fwp%2Fv2%2Fproduct_cat&post=595"},{"taxonomy":"product_tag","embeddable":true,"href":"https:\/\/harjulasgarage.se\/index.php?rest_route=%2Fwp%2Fv2%2Fproduct_tag&post=595"}],"curies":[{"name":"wp","href":"https:\/\/api.w.org\/{rel}","templated":true}]}}