{"id":1413,"date":"2025-02-18T15:20:53","date_gmt":"2025-02-18T14:20:53","guid":{"rendered":"https:\/\/harjulasgarage.se\/?post_type=product&#038;p=1413"},"modified":"2025-08-11T17:02:45","modified_gmt":"2025-08-11T16:02:45","slug":"rjaudio-rjm-10-0","status":"publish","type":"product","link":"https:\/\/harjulasgarage.se\/?product=rjaudio-rjm-10-0","title":{"rendered":"RJAUDIO RJM-10.0"},"content":{"rendered":"<p>RJM-10.0 \u2013 Maximal Kraft och Djup Bas N\u00e4r bara det b\u00e4sta \u00e4r gott nog. RJM-10.0 \u00e4r en 10-tums h\u00f6gtalare byggd f\u00f6r extrem prestanda. Med en kraftfull 27 oz Y35 h\u00f6genergimotor och en 1,5-tums talspole i h\u00f6gtemperaturmaterial levererar den enorm kraft och djup bas. Den polycotton-f\u00f6rst\u00e4rkta spindeln och papperskonen med tygkant ger optimal h\u00e5llbarhet och ljudkvalitet. Perfekt f\u00f6r bas\u00e4lskare som vill ha ett ljudsystem som k\u00e4nns i hela kroppen. \u2714 10\u201d robust korg f\u00f6r maximal ljudvolym och djup bas \u2714 180 WRMS \u2013 enorm ljudkapacitet \u2714 4 Ohm impedans \u2013 kraftfull och kompatibel \u2714 Phase Plug-version \u2013 f\u00f6r exakt ljud\u00e5tergivning och minimerad distorsion<\/p>\n","protected":false},"excerpt":{"rendered":"<p>RJM-10.0 \u2013 Maximal Kraft och Djup Bas N\u00e4r bara det b\u00e4sta \u00e4r gott nog. RJM-10.0 \u00e4r en 10-tums h\u00f6gtalare byggd [&hellip;]<\/p>\n","protected":false},"featured_media":1414,"comment_status":"closed","ping_status":"closed","template":"","meta":{"site-sidebar-layout":"default","site-content-layout":"","ast-site-content-layout":"default","site-content-style":"default","site-sidebar-style":"default","ast-global-header-display":"","ast-banner-title-visibility":"","ast-main-header-display":"","ast-hfb-above-header-display":"","ast-hfb-below-header-display":"","ast-hfb-mobile-header-display":"","site-post-title":"","ast-breadcrumbs-content":"","ast-featured-img":"","footer-sml-layout":"","ast-disable-related-posts":"","theme-transparent-header-meta":"default","adv-header-id-meta":"","stick-header-meta":"","header-above-stick-meta":"","header-main-stick-meta":"","header-below-stick-meta":"","astra-migrate-meta-layouts":"set","ast-page-background-enabled":"default","ast-page-background-meta":{"desktop":{"background-color":"var(--ast-global-color-5)","background-image":"","background-repeat":"repeat","background-position":"center center","background-size":"auto","background-attachment":"scroll","background-type":"","background-media":"","overlay-type":"","overlay-color":"","overlay-opacity":"","overlay-gradient":""},"tablet":{"background-color":"","background-image":"","background-repeat":"repeat","background-position":"center center","background-size":"auto","background-attachment":"scroll","background-type":"","background-media":"","overlay-type":"","overlay-color":"","overlay-opacity":"","overlay-gradient":""},"mobile":{"background-color":"","background-image":"","background-repeat":"repeat","background-position":"center center","background-size":"auto","background-attachment":"scroll","background-type":"","background-media":"","overlay-type":"","overlay-color":"","overlay-opacity":"","overlay-gradient":""}},"ast-content-background-meta":{"desktop":{"background-color":"var(--ast-global-color-4)","background-image":"","background-repeat":"repeat","background-position":"center center","background-size":"auto","background-attachment":"scroll","background-type":"","background-media":"","overlay-type":"","overlay-color":"","overlay-opacity":"","overlay-gradient":""},"tablet":{"background-color":"var(--ast-global-color-4)","background-image":"","background-repeat":"repeat","background-position":"center center","background-size":"auto","background-attachment":"scroll","background-type":"","background-media":"","overlay-type":"","overlay-color":"","overlay-opacity":"","overlay-gradient":""},"mobile":{"background-color":"var(--ast-global-color-4)","background-image":"","background-repeat":"repeat","background-position":"center center","background-size":"auto","background-attachment":"scroll","background-type":"","background-media":"","overlay-type":"","overlay-color":"","overlay-opacity":"","overlay-gradient":""}}},"product_brand":[],"product_cat":[26],"product_tag":[],"class_list":{"0":"post-1413","1":"product","2":"type-product","3":"status-publish","4":"has-post-thumbnail","6":"product_cat-26","7":"desktop-align-left","8":"tablet-align-left","9":"mobile-align-left","11":"first","12":"instock","13":"shipping-taxable","14":"purchasable","15":"product-type-simple"},"_links":{"self":[{"href":"https:\/\/harjulasgarage.se\/index.php?rest_route=\/wp\/v2\/product\/1413","targetHints":{"allow":["GET"]}}],"collection":[{"href":"https:\/\/harjulasgarage.se\/index.php?rest_route=\/wp\/v2\/product"}],"about":[{"href":"https:\/\/harjulasgarage.se\/index.php?rest_route=\/wp\/v2\/types\/product"}],"replies":[{"embeddable":true,"href":"https:\/\/harjulasgarage.se\/index.php?rest_route=%2Fwp%2Fv2%2Fcomments&post=1413"}],"wp:featuredmedia":[{"embeddable":true,"href":"https:\/\/harjulasgarage.se\/index.php?rest_route=\/wp\/v2\/media\/1414"}],"wp:attachment":[{"href":"https:\/\/harjulasgarage.se\/index.php?rest_route=%2Fwp%2Fv2%2Fmedia&parent=1413"}],"wp:term":[{"taxonomy":"product_brand","embeddable":true,"href":"https:\/\/harjulasgarage.se\/index.php?rest_route=%2Fwp%2Fv2%2Fproduct_brand&post=1413"},{"taxonomy":"product_cat","embeddable":true,"href":"https:\/\/harjulasgarage.se\/index.php?rest_route=%2Fwp%2Fv2%2Fproduct_cat&post=1413"},{"taxonomy":"product_tag","embeddable":true,"href":"https:\/\/harjulasgarage.se\/index.php?rest_route=%2Fwp%2Fv2%2Fproduct_tag&post=1413"}],"curies":[{"name":"wp","href":"https:\/\/api.w.org\/{rel}","templated":true}]}}