{"id":1246,"date":"2025-01-15T22:21:24","date_gmt":"2025-01-15T21:21:24","guid":{"rendered":"https:\/\/harjulasgarage.se\/?product=ds18-slc12s"},"modified":"2025-05-26T20:30:19","modified_gmt":"2025-05-26T19:30:19","slug":"ds18-slc12s","status":"publish","type":"product","link":"https:\/\/harjulasgarage.se\/?product=ds18-slc12s","title":{"rendered":"DS18 SLC12S"},"content":{"rendered":"<p>DS18 SLC12S \u00e4r en 12-tums (30 cm) subwoofer fr\u00e5n DS18:s Select-serie, designad f\u00f6r att leverera kraftfull bas i bilens ljudsystem.<\/p>\n<p><strong>Specifikationer:<\/strong><\/p>\n<p>\u2022\t<strong>Effekthantering:<\/strong><\/p>\n<p>\u2022\tRMS-effekt: 250 W<\/p>\n<p>\u2022\tMaxeffekt: 500 W<\/p>\n<p>\u2022\t<strong>Impedans:<\/strong> Enkel 4-ohms talspole (4 Ohm)<\/p>\n<p>\u2022\t<strong>K\u00e4nslighet:<\/strong> 88 dB<\/p>\n<p>\u2022\t<strong>Frekvensomf\u00e5ng:<\/strong> 25 Hz \u2013 4,2 kHz<\/p>\n<p>\u2022\t<strong>Monteringsdjup:<\/strong> 163 mm<\/p>\n<p>\u2022\t<strong>Utsk\u00e4rningsdiameter:<\/strong> 277 mm<\/p>\n<p>Denna subwoofer \u00e4r utrustad med en 2-tums (50,8 mm) aluminium talspole och en papperskon f\u00f6rst\u00e4rkt med glasfiber, vilket s\u00e4kerst\u00e4ller h\u00e5llbarhet och h\u00f6g ljudkvalitet. Den svarta st\u00e5lramen bidrar till b\u00e5de estetik och stabilitet.<\/p>\n<p>F\u00f6r optimal prestanda rekommenderas installation i en v\u00e4lbyggd sluten eller portad l\u00e5da, beroende p\u00e5 \u00f6nskad ljudkarakt\u00e4ristik. Det \u00e4r ocks\u00e5 viktigt att matcha subwoofern med en l\u00e4mplig f\u00f6rst\u00e4rkare som kan leverera tillr\u00e4cklig effekt inom dess specifikationer.<\/p>\n","protected":false},"excerpt":{"rendered":"<p>DS18 SLC12S \u00e4r en 12-tums (30 cm) subwoofer fr\u00e5n DS18:s Select-serie, designad f\u00f6r att leverera kraftfull bas i bilens ljudsystem. [&hellip;]<\/p>\n","protected":false},"featured_media":1245,"comment_status":"closed","ping_status":"closed","template":"","meta":{"site-sidebar-layout":"default","site-content-layout":"","ast-site-content-layout":"default","site-content-style":"default","site-sidebar-style":"default","ast-global-header-display":"","ast-banner-title-visibility":"","ast-main-header-display":"","ast-hfb-above-header-display":"","ast-hfb-below-header-display":"","ast-hfb-mobile-header-display":"","site-post-title":"","ast-breadcrumbs-content":"","ast-featured-img":"","footer-sml-layout":"","ast-disable-related-posts":"","theme-transparent-header-meta":"","adv-header-id-meta":"","stick-header-meta":"","header-above-stick-meta":"","header-main-stick-meta":"","header-below-stick-meta":"","astra-migrate-meta-layouts":"default","ast-page-background-enabled":"default","ast-page-background-meta":{"desktop":{"background-color":"var(--ast-global-color-5)","background-image":"","background-repeat":"repeat","background-position":"center center","background-size":"auto","background-attachment":"scroll","background-type":"","background-media":"","overlay-type":"","overlay-color":"","overlay-opacity":"","overlay-gradient":""},"tablet":{"background-color":"","background-image":"","background-repeat":"repeat","background-position":"center center","background-size":"auto","background-attachment":"scroll","background-type":"","background-media":"","overlay-type":"","overlay-color":"","overlay-opacity":"","overlay-gradient":""},"mobile":{"background-color":"","background-image":"","background-repeat":"repeat","background-position":"center center","background-size":"auto","background-attachment":"scroll","background-type":"","background-media":"","overlay-type":"","overlay-color":"","overlay-opacity":"","overlay-gradient":""}},"ast-content-background-meta":{"desktop":{"background-color":"var(--ast-global-color-4)","background-image":"","background-repeat":"repeat","background-position":"center center","background-size":"auto","background-attachment":"scroll","background-type":"","background-media":"","overlay-type":"","overlay-color":"","overlay-opacity":"","overlay-gradient":""},"tablet":{"background-color":"var(--ast-global-color-4)","background-image":"","background-repeat":"repeat","background-position":"center center","background-size":"auto","background-attachment":"scroll","background-type":"","background-media":"","overlay-type":"","overlay-color":"","overlay-opacity":"","overlay-gradient":""},"mobile":{"background-color":"var(--ast-global-color-4)","background-image":"","background-repeat":"repeat","background-position":"center center","background-size":"auto","background-attachment":"scroll","background-type":"","background-media":"","overlay-type":"","overlay-color":"","overlay-opacity":"","overlay-gradient":""}}},"product_brand":[],"product_cat":[71],"product_tag":[],"class_list":{"0":"post-1246","1":"product","2":"type-product","3":"status-publish","4":"has-post-thumbnail","6":"product_cat-12-basar","7":"desktop-align-left","8":"tablet-align-left","9":"mobile-align-left","11":"first","12":"instock","13":"shipping-taxable","14":"purchasable","15":"product-type-simple"},"_links":{"self":[{"href":"https:\/\/harjulasgarage.se\/index.php?rest_route=\/wp\/v2\/product\/1246","targetHints":{"allow":["GET"]}}],"collection":[{"href":"https:\/\/harjulasgarage.se\/index.php?rest_route=\/wp\/v2\/product"}],"about":[{"href":"https:\/\/harjulasgarage.se\/index.php?rest_route=\/wp\/v2\/types\/product"}],"replies":[{"embeddable":true,"href":"https:\/\/harjulasgarage.se\/index.php?rest_route=%2Fwp%2Fv2%2Fcomments&post=1246"}],"wp:featuredmedia":[{"embeddable":true,"href":"https:\/\/harjulasgarage.se\/index.php?rest_route=\/wp\/v2\/media\/1245"}],"wp:attachment":[{"href":"https:\/\/harjulasgarage.se\/index.php?rest_route=%2Fwp%2Fv2%2Fmedia&parent=1246"}],"wp:term":[{"taxonomy":"product_brand","embeddable":true,"href":"https:\/\/harjulasgarage.se\/index.php?rest_route=%2Fwp%2Fv2%2Fproduct_brand&post=1246"},{"taxonomy":"product_cat","embeddable":true,"href":"https:\/\/harjulasgarage.se\/index.php?rest_route=%2Fwp%2Fv2%2Fproduct_cat&post=1246"},{"taxonomy":"product_tag","embeddable":true,"href":"https:\/\/harjulasgarage.se\/index.php?rest_route=%2Fwp%2Fv2%2Fproduct_tag&post=1246"}],"curies":[{"name":"wp","href":"https:\/\/api.w.org\/{rel}","templated":true}]}}