{"id":2,"date":"2025-01-11T13:19:43","date_gmt":"2025-01-11T13:19:43","guid":{"rendered":"http:\/\/70.34.204.196\/?page_id=2"},"modified":"2025-01-12T13:40:01","modified_gmt":"2025-01-12T12:40:01","slug":"start","status":"publish","type":"page","link":"https:\/\/harjulasgarage.se\/","title":{"rendered":"Index"},"content":{"rendered":"\n<div class=\"wp-block-cover has-small-font-size\" style=\"border-width:3px;border-radius:15px;min-height:349px;aspect-ratio:unset;\"><span aria-hidden=\"true\" class=\"wp-block-cover__background has-ast-global-color-2-background-color has-background-dim\"><\/span><img loading=\"lazy\" decoding=\"async\" width=\"1536\" height=\"2048\" class=\"wp-block-cover__image-background wp-image-119\" alt=\"\" src=\"https:\/\/harjulasgarage.se\/wp-content\/uploads\/2025\/01\/452403368_10231382636485809_3308428829662938879_n.jpg\" data-object-fit=\"cover\" srcset=\"https:\/\/harjulasgarage.se\/wp-content\/uploads\/2025\/01\/452403368_10231382636485809_3308428829662938879_n.jpg 1536w, https:\/\/harjulasgarage.se\/wp-content\/uploads\/2025\/01\/452403368_10231382636485809_3308428829662938879_n-400x533.jpg 400w, https:\/\/harjulasgarage.se\/wp-content\/uploads\/2025\/01\/452403368_10231382636485809_3308428829662938879_n-225x300.jpg 225w, https:\/\/harjulasgarage.se\/wp-content\/uploads\/2025\/01\/452403368_10231382636485809_3308428829662938879_n-768x1024.jpg 768w, https:\/\/harjulasgarage.se\/wp-content\/uploads\/2025\/01\/452403368_10231382636485809_3308428829662938879_n-1152x1536.jpg 1152w\" sizes=\"auto, (max-width: 1536px) 100vw, 1536px\" \/><div class=\"wp-block-cover__inner-container is-layout-constrained wp-block-cover-is-layout-constrained\">\n<p class=\"has-text-align-center has-ast-global-color-4-color has-text-color has-link-color has-large-font-size wp-elements-6bb5292c2e8c9cd601ef049532ea8be4\"><strong>Din bilstereobutik<\/strong><br><strong>i<\/strong> <strong>G\u00e4vleborg<\/strong><\/p>\n<\/div><\/div>\n\n\n\n\n\n<p class=\"has-text-align-center\"><\/p>\n\n\n\n<hr class=\"wp-block-separator has-text-color has-alpha-channel-opacity has-background is-style-wide\" style=\"background-color:#4d0782;color:#4d0782\"\/>\n\n\n\n<p class=\"has-text-align-center\"><strong>F\u00f6lj Oss p\u00e5 Sociala Medier!<\/strong><\/p>\n\n\n\n<p class=\"has-text-align-center\">H\u00e4ng med oss p\u00e5 sociala medier f\u00f6r att ta del av v\u00e5ra senaste projekt, produkter, event och mycket mer!<br>F\u00f6lj oss p\u00e5 TikTok, Facebook och Instagram f\u00f6r att h\u00e5lla dig uppdaterad och f\u00e5 inspiration till ditt eget bilprojekt.<\/p>\n\n\n\n<p class=\"has-text-align-center\">Vi delar med oss av tips, nyheter och exklusiva inblickar \u2013 s\u00e5 missa inte chansen att vara en del av v\u00e5r gemenskap!<\/p>\n","protected":false},"excerpt":{"rendered":"<p>F\u00f6lj Oss p\u00e5 Sociala Medier! H\u00e4ng med oss p\u00e5 sociala medier f\u00f6r att ta del av v\u00e5ra senaste projekt, produkter, [&hellip;]<\/p>\n","protected":false},"author":1,"featured_media":0,"parent":0,"menu_order":0,"comment_status":"closed","ping_status":"closed","template":"","meta":{"site-sidebar-layout":"default","site-content-layout":"","ast-site-content-layout":"","site-content-style":"default","site-sidebar-style":"default","ast-global-header-display":"","ast-banner-title-visibility":"","ast-main-header-display":"","ast-hfb-above-header-display":"","ast-hfb-below-header-display":"","ast-hfb-mobile-header-display":"","site-post-title":"disabled","ast-breadcrumbs-content":"","ast-featured-img":"","footer-sml-layout":"","ast-disable-related-posts":"","theme-transparent-header-meta":"","adv-header-id-meta":"","stick-header-meta":"","header-above-stick-meta":"","header-main-stick-meta":"","header-below-stick-meta":"","astra-migrate-meta-layouts":"default","ast-page-background-enabled":"default","ast-page-background-meta":{"desktop":{"background-color":"var(--ast-global-color-5)","background-image":"","background-repeat":"repeat","background-position":"center center","background-size":"auto","background-attachment":"scroll","background-type":"","background-media":"","overlay-type":"","overlay-color":"","overlay-opacity":"","overlay-gradient":""},"tablet":{"background-color":"","background-image":"","background-repeat":"repeat","background-position":"center center","background-size":"auto","background-attachment":"scroll","background-type":"","background-media":"","overlay-type":"","overlay-color":"","overlay-opacity":"","overlay-gradient":""},"mobile":{"background-color":"","background-image":"","background-repeat":"repeat","background-position":"center center","background-size":"auto","background-attachment":"scroll","background-type":"","background-media":"","overlay-type":"","overlay-color":"","overlay-opacity":"","overlay-gradient":""}},"ast-content-background-meta":{"desktop":{"background-color":"var(--ast-global-color-4)","background-image":"","background-repeat":"repeat","background-position":"center center","background-size":"auto","background-attachment":"scroll","background-type":"","background-media":"","overlay-type":"","overlay-color":"","overlay-opacity":"","overlay-gradient":""},"tablet":{"background-color":"var(--ast-global-color-4)","background-image":"","background-repeat":"repeat","background-position":"center center","background-size":"auto","background-attachment":"scroll","background-type":"","background-media":"","overlay-type":"","overlay-color":"","overlay-opacity":"","overlay-gradient":""},"mobile":{"background-color":"var(--ast-global-color-4)","background-image":"","background-repeat":"repeat","background-position":"center center","background-size":"auto","background-attachment":"scroll","background-type":"","background-media":"","overlay-type":"","overlay-color":"","overlay-opacity":"","overlay-gradient":""}},"footnotes":""},"class_list":["post-2","page","type-page","status-publish","hentry"],"_links":{"self":[{"href":"https:\/\/harjulasgarage.se\/index.php?rest_route=\/wp\/v2\/pages\/2","targetHints":{"allow":["GET"]}}],"collection":[{"href":"https:\/\/harjulasgarage.se\/index.php?rest_route=\/wp\/v2\/pages"}],"about":[{"href":"https:\/\/harjulasgarage.se\/index.php?rest_route=\/wp\/v2\/types\/page"}],"author":[{"embeddable":true,"href":"https:\/\/harjulasgarage.se\/index.php?rest_route=\/wp\/v2\/users\/1"}],"replies":[{"embeddable":true,"href":"https:\/\/harjulasgarage.se\/index.php?rest_route=%2Fwp%2Fv2%2Fcomments&post=2"}],"version-history":[{"count":22,"href":"https:\/\/harjulasgarage.se\/index.php?rest_route=\/wp\/v2\/pages\/2\/revisions"}],"predecessor-version":[{"id":263,"href":"https:\/\/harjulasgarage.se\/index.php?rest_route=\/wp\/v2\/pages\/2\/revisions\/263"}],"wp:attachment":[{"href":"https:\/\/harjulasgarage.se\/index.php?rest_route=%2Fwp%2Fv2%2Fmedia&parent=2"}],"curies":[{"name":"wp","href":"https:\/\/api.w.org\/{rel}","templated":true}]}}